{"id":2669,"date":"2023-05-12T16:01:55","date_gmt":"2023-05-12T14:01:55","guid":{"rendered":"https:\/\/shadeboutique.it\/?page_id=2669"},"modified":"2023-05-12T16:01:55","modified_gmt":"2023-05-12T14:01:55","slug":"resi-e-rimborsi","status":"publish","type":"page","link":"https:\/\/www.shadeboutique.it\/en\/resi-e-rimborsi\/","title":{"rendered":"Returns and Refunds"},"content":{"rendered":"<section class=\"wpb-content-wrapper\"><div  class=\"sec_row container\"><div class=\"vc_row wpb_row vc_row-fluid\"><div class=\"wpb_column vc_column_container vc_col-sm-12 et-dark-column\"><div class=\"vc_column-inner\"><div class=\"wpb_wrapper\">\n\t<div class=\"wpb_text_column wpb_content_element\" >\n\t\t<div class=\"wpb_wrapper\">\n\t\t\t<p>La nostra policy prevede un termine di 30 giorni per i resi. Se sono trascorsi 30 giorni dalla data dell&#8217;acquisto, purtroppo non possiamo offrirti alcun rimborso o cambio.<\/p>\n<p>Affinch\u00e9 sia idoneo al reso, l&#8217;articolo deve essere intatto e nelle stesse condizioni in cui lo hai ricevuto. Deve anche essere nella sua confezione originale.<\/p>\n<p>Per diverse tipologie di beni \u00e8 escluso il reso. I Profumi, profumatori ambiente e liquidi non possono essere oggetto di reso.<\/p>\n<p>Ulteriori articoli per i quali \u00e8 escluso il reso:<br \/>\n* Buoni regalo<br \/>\n* Alcuni articoli per la salute e la cura della persona<\/p>\n<p>Ai fini del reso, richiediamo una ricevuta o una prova di acquisto.<br \/>\nPer favore non rispedire indietro il tuo acquisto al produttore.<\/p>\n<p>In alcuni casi sono concessi solo rimborsi parziali (se applicabili):<br \/>\n* Qualsiasi articolo che non si trovi nel suo stato originario, sia danneggiato o con parti mancanti per cause estranee a un nostro errore.<br \/>\n* Qualsiasi articolo restituito pi\u00f9 di 30 giorni dopo la consegna<\/p>\n<p><strong>Rimborsi<\/strong> (se applicabile)<br \/>\nUna volta ricevuto e ispezionato il reso, ti invieremo un&#8217;email per comunicarti l&#8217;avvenuta ricezione dell&#8217;articolo. Ti comunicheremo anche l&#8217;approvazione o il rifiuto della tua richiesta di rimborso.<br \/>\nSe la tua richiesta \u00e8 approvata, il rimborso sar\u00e0 elaborato e verr\u00e0 automaticamente applicato un credito sulla tua carta o metodo di pagamento originario, entro un certo numero di giorni.<\/p>\n<p><strong>Rimborsi tardivi o inevasi<\/strong> (se applicabile)<br \/>\nSe non hai ancora ricevuto un rimborso, innanzitutto ricontrolla il tuo conto bancario.<br \/>\nPoi contatta l&#8217;azienda emittente della carta di credito; pu\u00f2 occorrere del tempo prima che il rimborso sia formalmente registrato.<br \/>\nQuindi contatta la tua banca. Spesso sono previsti dei tempi di elaborazione per la registrazione di un rimborso.<br \/>\nSe hai gi\u00e0 seguito questi passaggi e non hai ancora ricevuto il rimborso, scrivici al seguente indirizzo: rimborsi@shadeboutique.it.<\/p>\n<p><strong>Articoli in saldo<\/strong> (se applicabile)<br \/>\nSolo gli articoli a prezzo pieno possono essere rimborsati. Purtroppo per gli articoli in saldo non \u00e8 possibile alcun rimborso.<\/p>\n<p><strong>Cambi<\/strong> (se applicabile)<br \/>\nSostituiamo gli articoli solo se difettosi o danneggiati. Se ti occorre un cambio con lo stesso articolo, inviaci un&#8217;email a resi@shadeboutique.it e spedisci l&#8217;articolo al seguente indirizzo: Corso Garibaldi, 53 76121 Barletta BT Italia.<\/p>\n<p><strong>Regali<\/strong><br \/>\nSe al momento dell&#8217;acquisto l&#8217;articolo \u00e8 stato contrassegnato come regalo e spedito direttamente a te, riceverai un buono corrispondente al valore del reso. Alla ricezione dell&#8217;articolo oggetto di reso, ti sar\u00e0 spedito per posta il buono regalo.<\/p>\n<p>Se l&#8217;articolo non \u00e8 stato contrassegnato come regalo al momento dell&#8217;acquisto, o se chi ha fatto il regalo si \u00e8 fatto spedire l&#8217;ordine per consegnartelo di persona, invieremo un rimborso a chi ha fatto il regalo e questi verr\u00e0 a conoscenza del tuo reso.<\/p>\n<p><strong>Spedizione<\/strong><br \/>\nPer effettuare un reso, spedisci il prodotto al seguente indirizzo: Corso Garibaldi, 53 76121 Barletta BT Italia.<\/p>\n<p>I costi di spedizione per il reso dell&#8217;articolo saranno a tuo carico. I costi di spedizione non sono rimborsabili. Se ricevi un rimborso, i costi di spedizione del reso non saranno inclusi nel rimborso.<\/p>\n<p>A seconda del paese in cui vivi, il tempo necessario per il recapito del prodotto in sostituzione pu\u00f2 variare.<\/p>\n<p>Se devi spedire un articolo del valore di oltre 75 \u20ac, considera di utilizzare un servizio di spedizione tracciabile o di assicurare la spedizione. Non garantiamo che riceveremo l&#8217;articolo oggetto di reso.<\/p>\n\n\t\t<\/div>\n\t<\/div>\n<\/div><\/div><\/div><\/div><\/div>\n<\/section>","protected":false},"excerpt":{"rendered":"La nostra policy prevede un termine di 30 giorni per i resi. Se sono trascorsi 30 giorni dalla data dell'acquisto, purtroppo non possiamo offrirti alcun rimborso o cambio. Affinch\u00e9 sia idoneo al reso, l'articolo deve essere intatto e nelle stesse condizioni in cui lo hai ricevuto. Deve anche essere nella [...]","protected":false},"author":1,"featured_media":0,"parent":0,"menu_order":0,"comment_status":"closed","ping_status":"closed","template":"","meta":{"footnotes":""},"class_list":["post-2669","page","type-page","status-publish","hentry"],"jetpack_sharing_enabled":true,"_links":{"self":[{"href":"https:\/\/www.shadeboutique.it\/en\/wp-json\/wp\/v2\/pages\/2669","targetHints":{"allow":["GET"]}}],"collection":[{"href":"https:\/\/www.shadeboutique.it\/en\/wp-json\/wp\/v2\/pages"}],"about":[{"href":"https:\/\/www.shadeboutique.it\/en\/wp-json\/wp\/v2\/types\/page"}],"author":[{"embeddable":true,"href":"https:\/\/www.shadeboutique.it\/en\/wp-json\/wp\/v2\/users\/1"}],"replies":[{"embeddable":true,"href":"https:\/\/www.shadeboutique.it\/en\/wp-json\/wp\/v2\/comments?post=2669"}],"version-history":[{"count":1,"href":"https:\/\/www.shadeboutique.it\/en\/wp-json\/wp\/v2\/pages\/2669\/revisions"}],"predecessor-version":[{"id":2670,"href":"https:\/\/www.shadeboutique.it\/en\/wp-json\/wp\/v2\/pages\/2669\/revisions\/2670"}],"wp:attachment":[{"href":"https:\/\/www.shadeboutique.it\/en\/wp-json\/wp\/v2\/media?parent=2669"}],"curies":[{"name":"wp","href":"https:\/\/api.w.org\/{rel}","templated":true}]}}