{"id":2289,"date":"2023-03-17T17:44:14","date_gmt":"2023-03-17T17:44:14","guid":{"rendered":"https:\/\/shadeboutique.it\/?post_type=product&#038;p=2289"},"modified":"2025-11-28T18:30:30","modified_gmt":"2025-11-28T18:30:30","slug":"profumatore-ambiente-quercia-marina","status":"publish","type":"product","link":"https:\/\/www.shadeboutique.it\/en\/shop\/profumatori-ambiente\/profumatore-ambiente-quercia-marina\/","title":{"rendered":"Profumatore ambiente quercia marina"},"content":{"rendered":"","protected":false},"excerpt":{"rendered":"<p>Il profumo quercia marina\u00a0\u00e8 una fragranza fresca e legnosa, caratterizzata dalle note saline e del legno di quercia. Questa fragranza \u00e8 ispirata al mare e alla natura, ed \u00e8 perfetta per chi cerca una fragranza fresca e marina.<\/p>\n<p>Questo profumatore \u00e8 ideale per la casa, l&#8217;ufficio o qualsiasi altro ambiente.<\/p>\n<p><span style=\"font-size: 13px;\"><strong>* E&#8217; inclusa una boccetta di vetro della dimensione selezionata con set di bacchette per la diffusione.<br \/>\n<\/strong><\/span><span style=\"font-size: 13px;\"><strong>* Le boccette potrebbero variare a seconda della disponibilit\u00e0, per altre richieste contattaci.<\/strong><\/span><\/p>","protected":false},"featured_media":2125,"template":"","meta":[],"product_brand":[],"product_cat":[22],"product_tag":[],"class_list":{"0":"post-2289","1":"product","2":"type-product","3":"status-publish","4":"has-post-thumbnail","6":"product_cat-profumatori-ambiente","8":"first","9":"instock","10":"shipping-taxable","11":"product-type-variable"},"jetpack_sharing_enabled":true,"_links":{"self":[{"href":"https:\/\/www.shadeboutique.it\/en\/wp-json\/wp\/v2\/product\/2289","targetHints":{"allow":["GET"]}}],"collection":[{"href":"https:\/\/www.shadeboutique.it\/en\/wp-json\/wp\/v2\/product"}],"about":[{"href":"https:\/\/www.shadeboutique.it\/en\/wp-json\/wp\/v2\/types\/product"}],"wp:featuredmedia":[{"embeddable":true,"href":"https:\/\/www.shadeboutique.it\/en\/wp-json\/wp\/v2\/media\/2125"}],"wp:attachment":[{"href":"https:\/\/www.shadeboutique.it\/en\/wp-json\/wp\/v2\/media?parent=2289"}],"wp:term":[{"taxonomy":"product_brand","embeddable":true,"href":"https:\/\/www.shadeboutique.it\/en\/wp-json\/wp\/v2\/product_brand?post=2289"},{"taxonomy":"product_cat","embeddable":true,"href":"https:\/\/www.shadeboutique.it\/en\/wp-json\/wp\/v2\/product_cat?post=2289"},{"taxonomy":"product_tag","embeddable":true,"href":"https:\/\/www.shadeboutique.it\/en\/wp-json\/wp\/v2\/product_tag?post=2289"}],"curies":[{"name":"wp","href":"https:\/\/api.w.org\/{rel}","templated":true}]}}