{"id":5600,"date":"2025-09-22T15:39:13","date_gmt":"2025-09-22T15:39:13","guid":{"rendered":"https:\/\/www.shadeboutique.it\/shop\/senza-categoria\/anello-fascia-microfilo-2\/"},"modified":"2025-12-24T11:10:12","modified_gmt":"2025-12-24T11:10:12","slug":"anello-fascia-microfilo-2","status":"publish","type":"product","link":"https:\/\/www.shadeboutique.it\/en\/shop\/bigiotteria\/anelli\/anello-fascia-microfilo-2\/","title":{"rendered":"Anello fascia microfilo"},"content":{"rendered":"","protected":false},"excerpt":{"rendered":"<p>Anello in ottone riciclato caratterizzato da una fascia microfilo, lavorata interamente a mano. Il design ampio e avvolgente dona carattere alla mano, mentre la regolabilit\u00e0 assicura una vestibilit\u00e0 perfetta. Pu\u00f2 essere indossato da solo per un look deciso o abbinato ad altri anelli per creare uno stack d\u2019effetto. Nickel tested. Lavorazione artigianale. Gioielli fatti a mano, unici e artigianali, perfetti per tutti i tuoi look o come idea regalo.<\/p>","protected":false},"featured_media":5601,"template":"","meta":[],"product_brand":[],"product_cat":[33,21],"product_tag":[1525],"class_list":{"0":"post-5600","1":"product","2":"type-product","3":"status-publish","4":"has-post-thumbnail","6":"product_cat-anelli","7":"product_cat-bigiotteria","8":"product_tag-dd15094","9":"product_shipping_class-busta-small","11":"first","12":"instock","13":"purchasable","14":"product-type-simple"},"jetpack_sharing_enabled":true,"_links":{"self":[{"href":"https:\/\/www.shadeboutique.it\/en\/wp-json\/wp\/v2\/product\/5600","targetHints":{"allow":["GET"]}}],"collection":[{"href":"https:\/\/www.shadeboutique.it\/en\/wp-json\/wp\/v2\/product"}],"about":[{"href":"https:\/\/www.shadeboutique.it\/en\/wp-json\/wp\/v2\/types\/product"}],"wp:featuredmedia":[{"embeddable":true,"href":"https:\/\/www.shadeboutique.it\/en\/wp-json\/wp\/v2\/media\/5601"}],"wp:attachment":[{"href":"https:\/\/www.shadeboutique.it\/en\/wp-json\/wp\/v2\/media?parent=5600"}],"wp:term":[{"taxonomy":"product_brand","embeddable":true,"href":"https:\/\/www.shadeboutique.it\/en\/wp-json\/wp\/v2\/product_brand?post=5600"},{"taxonomy":"product_cat","embeddable":true,"href":"https:\/\/www.shadeboutique.it\/en\/wp-json\/wp\/v2\/product_cat?post=5600"},{"taxonomy":"product_tag","embeddable":true,"href":"https:\/\/www.shadeboutique.it\/en\/wp-json\/wp\/v2\/product_tag?post=5600"}],"curies":[{"name":"wp","href":"https:\/\/api.w.org\/{rel}","templated":true}]}}