{"id":5618,"date":"2025-09-22T15:39:13","date_gmt":"2025-09-22T15:39:13","guid":{"rendered":"https:\/\/www.shadeboutique.it\/shop\/senza-categoria\/girocollo-linee-spring\/"},"modified":"2025-09-22T15:39:27","modified_gmt":"2025-09-22T15:39:27","slug":"girocollo-linee-spring","status":"publish","type":"product","link":"https:\/\/www.shadeboutique.it\/en\/shop\/bigiotteria\/collane\/girocollo-linee-spring\/","title":{"rendered":"Girocollo linee spring"},"content":{"rendered":"","protected":false},"excerpt":{"rendered":"<p>Girocollo in ottone riciclato caratterizzato da un twist in texture a molla. L\u2019intreccio dona un effetto elegante e contemporaneo, perfetto per valorizzare il d\u00e9collet\u00e9 con semplicit\u00e0. Nickel tested. Gioielli fatti a mano, unici e artigianali, perfetti per tutti i tuoi look o come idea regalo<\/p>","protected":false},"featured_media":5619,"template":"","meta":[],"product_brand":[],"product_cat":[21,35],"product_tag":[1531],"class_list":{"0":"post-5618","1":"product","2":"type-product","3":"status-publish","4":"has-post-thumbnail","6":"product_cat-bigiotteria","7":"product_cat-collane","8":"product_tag-dd00045","9":"product_shipping_class-busta-small","11":"first","12":"instock","13":"purchasable","14":"product-type-simple"},"jetpack_sharing_enabled":true,"_links":{"self":[{"href":"https:\/\/www.shadeboutique.it\/en\/wp-json\/wp\/v2\/product\/5618","targetHints":{"allow":["GET"]}}],"collection":[{"href":"https:\/\/www.shadeboutique.it\/en\/wp-json\/wp\/v2\/product"}],"about":[{"href":"https:\/\/www.shadeboutique.it\/en\/wp-json\/wp\/v2\/types\/product"}],"wp:featuredmedia":[{"embeddable":true,"href":"https:\/\/www.shadeboutique.it\/en\/wp-json\/wp\/v2\/media\/5619"}],"wp:attachment":[{"href":"https:\/\/www.shadeboutique.it\/en\/wp-json\/wp\/v2\/media?parent=5618"}],"wp:term":[{"taxonomy":"product_brand","embeddable":true,"href":"https:\/\/www.shadeboutique.it\/en\/wp-json\/wp\/v2\/product_brand?post=5618"},{"taxonomy":"product_cat","embeddable":true,"href":"https:\/\/www.shadeboutique.it\/en\/wp-json\/wp\/v2\/product_cat?post=5618"},{"taxonomy":"product_tag","embeddable":true,"href":"https:\/\/www.shadeboutique.it\/en\/wp-json\/wp\/v2\/product_tag?post=5618"}],"curies":[{"name":"wp","href":"https:\/\/api.w.org\/{rel}","templated":true}]}}