{"id":5669,"date":"2025-09-22T15:41:48","date_gmt":"2025-09-22T15:41:48","guid":{"rendered":"https:\/\/www.shadeboutique.it\/shop\/senza-categoria\/girocollo-v\/"},"modified":"2026-02-11T11:44:42","modified_gmt":"2026-02-11T11:44:42","slug":"girocollo-v","status":"publish","type":"product","link":"https:\/\/www.shadeboutique.it\/en\/shop\/bigiotteria\/collane\/girocollo-v\/","title":{"rendered":"Girocollo \u201cV\u201d"},"content":{"rendered":"","protected":false},"excerpt":{"rendered":"<p>Un gioiello evergreen ricco di stile e carattere. Il modello girocollo presenta una &#8220;V&#8221; finale che valorizza il d\u00e9collet\u00e9 ed \u00e8 reso unico dalla texture artigianale raw. Modello aperto regolabile. Materiale: placcatura argento 100% artigianale. Nickel tested. Lavorazione artigianale. Gioielli fatti a mano, unici e artigianali, perfetti per tutti i tuoi look o come idea regalo.<\/p>","protected":false},"featured_media":5670,"template":"","meta":[],"product_brand":[],"product_cat":[21,35],"product_tag":[1548],"class_list":{"0":"post-5669","1":"product","2":"type-product","3":"status-publish","4":"has-post-thumbnail","6":"product_cat-bigiotteria","7":"product_cat-collane","8":"product_tag-mi1536","9":"product_shipping_class-busta-small","11":"first","12":"outofstock","13":"purchasable","14":"product-type-simple"},"jetpack_sharing_enabled":true,"_links":{"self":[{"href":"https:\/\/www.shadeboutique.it\/en\/wp-json\/wp\/v2\/product\/5669","targetHints":{"allow":["GET"]}}],"collection":[{"href":"https:\/\/www.shadeboutique.it\/en\/wp-json\/wp\/v2\/product"}],"about":[{"href":"https:\/\/www.shadeboutique.it\/en\/wp-json\/wp\/v2\/types\/product"}],"wp:featuredmedia":[{"embeddable":true,"href":"https:\/\/www.shadeboutique.it\/en\/wp-json\/wp\/v2\/media\/5670"}],"wp:attachment":[{"href":"https:\/\/www.shadeboutique.it\/en\/wp-json\/wp\/v2\/media?parent=5669"}],"wp:term":[{"taxonomy":"product_brand","embeddable":true,"href":"https:\/\/www.shadeboutique.it\/en\/wp-json\/wp\/v2\/product_brand?post=5669"},{"taxonomy":"product_cat","embeddable":true,"href":"https:\/\/www.shadeboutique.it\/en\/wp-json\/wp\/v2\/product_cat?post=5669"},{"taxonomy":"product_tag","embeddable":true,"href":"https:\/\/www.shadeboutique.it\/en\/wp-json\/wp\/v2\/product_tag?post=5669"}],"curies":[{"name":"wp","href":"https:\/\/api.w.org\/{rel}","templated":true}]}}